{"id":94,"date":"2023-02-22T12:36:16","date_gmt":"2023-02-22T11:36:16","guid":{"rendered":"https:\/\/teaching-no.sangye.org\/?page_id=94"},"modified":"2023-02-22T12:36:16","modified_gmt":"2023-02-22T11:36:16","slug":"hans-hellighet-dilgo-kyentse-rinpoche-1910-1991","status":"publish","type":"page","link":"https:\/\/sangye.org\/?page_id=94","title":{"rendered":"Hans hellighet Dilgo Kyentse Rinpoche (1910-1991)"},"content":{"rendered":"\n<p>Kyabje Dilgo Khyentse Rinpoche ble f\u00f8dt inn i en edel familie i Derge i \u00d8st-Tibet. Foruten \u00e5 ha en spesiell tilknytning til Lama Mipham hadde han mange store l\u00e6rere og l\u00e6rte raskt de grunnleggende meditasjonsteknikkene av stille vedblivelse (shamata) og skjelnende innsikt (vipasyana). Ved siden av \u00e5 praktisere gjorde han grundige studier.<br>Ettersom han modnet i \u00e5ndelig praksis involverte han seg i praktisering av \u201dnerver og energi\u201d (Skt: nadi-vayu, Tib: Tsa-lung) og det som i vesten kalles Kundalini (Skt: Candali, Tib: Tu-mo). For \u00e5 fullf\u00f8re disse praksisene tilbrakte han mange \u00e5r i en grotte, kun ikledd en tynn bomullsdrakt.<\/p>\n\n\n\n<p>Hans kone fortalte at han mediterte hele natten og kun hvilte en time p\u00e5 morgenen. Han leste dessuten sv\u00e6rt mange b\u00f8ker som m\u00e5tte stables opp p\u00e5 verandaen. Deres forhold var et eksempel p\u00e5 gjensidig kj\u00e6rlighet og oppv\u00e5kning.<\/p>\n\n\n\n<p>Da Tibet ble invadert var Dilgo Khyentse Rinpoche en av lamaene som m\u00e5tte flykte, og han reise sammen med sin familie over grensen til Butan, og derfra videre til Sikkim. P\u00e5 veien mistet han alle sine eiendeler, og levde i ekstrem fattigdom som flykting. Etter en pilgrimsreise til Bodh Gaya, hvor Buddha ble opplyst, bedret hans situasjon seg. Under tiden i fattigdom mistet han aldri h\u00e5pet og oppgav aldri sin s\u00f8ken etter sannheten.<\/p>\n\n\n\n<p>Han ble den respekterte \u00e5ndelige mester til Butans kongelige familie. Ettersom hans ry som levende helgen vokste i det Tibetanske eksilsamfunnet begynte ogs\u00e5 Dalai Lama \u00e5 se til Dilgo Khyentse Rinpoche for instruksjon og veiledning. Med tiden ble Rinpoche en av Dalai Lamas l\u00e6rere og venner.<\/p>\n\n\n\n<p>Det var en enest\u00e5ende opplevelse \u00e5 se Dilgo Khyentse Rinpoche i meditasjon. Han hadde en stor og massiv kropp, nesten naken \u2013 som en bj\u00f8rn \u2013 og det virket som han utstr\u00e5lte den mest p\u00e5tagelige varmen og kj\u00e6rligheten en kan tenke seg. Hans smil og uttrykk i de myke og brune \u00f8ynene kunne smelte selv det kaldeste hjerte.<br>I 1991, i Butan, begynte han \u00e5 vise tegn p\u00e5 sykdom, og var i flere dager ute av stand til \u00e5 spise eller drikke. Fire dager f\u00f8r han d\u00f8de skrev han p\u00e5 en lapp \u201djeg reiser p\u00e5 den nittende\u201d, og sant nok, p\u00e5 den nittende kom han seg med hjelp opp og gikk inn i meditasjon. Tidlig p\u00e5 morgenen stanset pusten hans og han gikk inn i nirvana.<\/p>\n","protected":false},"excerpt":{"rendered":"<p>Kyabje Dilgo Khyentse Rinpoche ble f\u00f8dt inn i en edel familie i Derge i \u00d8st-Tibet. Foruten \u00e5 ha en spesiell tilknytning til Lama Mipham hadde han mange store l\u00e6rere og l\u00e6rte raskt de grunnleggende meditasjonsteknikkene av stille vedblivelse (shamata) og skjelnende innsikt (vipasyana). Ved siden av \u00e5 praktisere gjorde han grundige studier.Ettersom han modnet i [&hellip;]<\/p>\n","protected":false},"author":1,"featured_media":0,"parent":0,"menu_order":0,"comment_status":"closed","ping_status":"closed","template":"","meta":{"footnotes":""},"class_list":["post-94","page","type-page","status-publish","hentry"],"_links":{"self":[{"href":"https:\/\/sangye.org\/index.php?rest_route=\/wp\/v2\/pages\/94","targetHints":{"allow":["GET"]}}],"collection":[{"href":"https:\/\/sangye.org\/index.php?rest_route=\/wp\/v2\/pages"}],"about":[{"href":"https:\/\/sangye.org\/index.php?rest_route=\/wp\/v2\/types\/page"}],"author":[{"embeddable":true,"href":"https:\/\/sangye.org\/index.php?rest_route=\/wp\/v2\/users\/1"}],"replies":[{"embeddable":true,"href":"https:\/\/sangye.org\/index.php?rest_route=%2Fwp%2Fv2%2Fcomments&post=94"}],"version-history":[{"count":0,"href":"https:\/\/sangye.org\/index.php?rest_route=\/wp\/v2\/pages\/94\/revisions"}],"wp:attachment":[{"href":"https:\/\/sangye.org\/index.php?rest_route=%2Fwp%2Fv2%2Fmedia&parent=94"}],"curies":[{"name":"wp","href":"https:\/\/api.w.org\/{rel}","templated":true}]}}