{"id":167,"date":"2023-02-22T13:16:28","date_gmt":"2023-02-22T12:16:28","guid":{"rendered":"https:\/\/teaching-no.sangye.org\/?page_id=167"},"modified":"2023-03-12T15:48:17","modified_gmt":"2023-03-12T15:48:17","slug":"nyingtig-tekster","status":"publish","type":"page","link":"https:\/\/sangye.org\/?page_id=167","title":{"rendered":"Tekster i nyingtig-linjen"},"content":{"rendered":"\n<p>Khenpo Sango tilh\u00f8rer en av de korteste linjene i Dzogchen Nyingtig, fra Longchen Rabjam og Jigme Lingpa. F\u00f8lgende tekster er i hovedsak fra denne linjen. Lengre tekster er tilgjengelig p\u00e5 <a rel=\"noreferrer noopener\" href=\"https:\/\/ebok.no\/forlag\/aksel-aas-sogstad\/\" target=\"_blank\">ebok.no<\/a> som b\u00f8ker. F\u00f8lgende er mindre tekster:<\/p>\n\n\n\n<ul class=\"wp-block-list\">\n<li><a href=\"https:\/\/sangye.org\/?page_id=97\" data-type=\"page\" data-id=\"97\">Dzogchen i det daglige liv<\/a><\/li>\n\n\n\n<li><a href=\"https:\/\/sangye.org\/?page_id=103\" data-type=\"page\" data-id=\"103\">\u00c5ndelig materialisme<\/a><\/li>\n\n\n\n<li><a href=\"https:\/\/sangye.org\/?page_id=110\" data-type=\"page\" data-id=\"110\">Essensen er udelelig<\/a><\/li>\n\n\n\n<li><a href=\"https:\/\/sangye.org\/?page_id=116\" data-type=\"page\" data-id=\"116\">Dzogchen i fire punkter<\/a><\/li>\n\n\n\n<li><a href=\"https:\/\/sangye.org\/?page_id=124\" data-type=\"page\" data-id=\"124\">De fire djevler<\/a><\/li>\n\n\n\n<li><a href=\"https:\/\/sangye.org\/?page_id=127\" data-type=\"page\" data-id=\"127\">Guder og demoner<\/a><\/li>\n\n\n\n<li><a href=\"https:\/\/sangye.org\/?page_id=133\" data-type=\"page\" data-id=\"133\">Tretti r\u00e5d fra hjertet<\/a><\/li>\n\n\n\n<li><a href=\"https:\/\/sangye.org\/?page_id=136\" data-type=\"page\" data-id=\"136\">\u00c5 vende sinnet mot dharma<\/a><\/li>\n\n\n\n<li><a href=\"https:\/\/sangye.org\/?page_id=139\" data-type=\"page\" data-id=\"139\">Alle omstendigheter er rene<\/a><\/li>\n\n\n\n<li><a href=\"https:\/\/sangye.org\/?page_id=142\" data-type=\"page\" data-id=\"142\">Plettfritt lys<\/a><\/li>\n\n\n\n<li><a href=\"https:\/\/sangye.org\/?page_id=145\" data-type=\"page\" data-id=\"145\">\u00c5 leve i Dzogchen<\/a><\/li>\n\n\n\n<li><a href=\"https:\/\/sangye.org\/?page_id=151\" data-type=\"page\" data-id=\"151\">L\u00f8vens br\u00f8l<\/a><\/li>\n\n\n\n<li><a href=\"https:\/\/sangye.org\/?page_id=157\" data-type=\"page\" data-id=\"157\">Hyllest til Longchen Rabjam<\/a><\/li>\n\n\n\n<li><a href=\"https:\/\/sangye.org\/?page_id=160\" data-type=\"page\" data-id=\"160\">Kj\u00e6rlighet, tro og tillit<\/a><\/li>\n\n\n\n<li><a href=\"https:\/\/sangye.org\/?page_id=163\" data-type=\"page\" data-id=\"163\">Det personlige og det transpersonlige<\/a><\/li>\n<\/ul>\n","protected":false},"excerpt":{"rendered":"<p>Khenpo Sango tilh\u00f8rer en av de korteste linjene i Dzogchen Nyingtig, fra Longchen Rabjam og Jigme Lingpa. F\u00f8lgende tekster er i hovedsak fra denne linjen. Lengre tekster er tilgjengelig p\u00e5 ebok.no som b\u00f8ker. F\u00f8lgende er mindre tekster:<\/p>\n","protected":false},"author":1,"featured_media":0,"parent":0,"menu_order":0,"comment_status":"closed","ping_status":"closed","template":"","meta":{"footnotes":""},"class_list":["post-167","page","type-page","status-publish","hentry"],"_links":{"self":[{"href":"https:\/\/sangye.org\/index.php?rest_route=\/wp\/v2\/pages\/167","targetHints":{"allow":["GET"]}}],"collection":[{"href":"https:\/\/sangye.org\/index.php?rest_route=\/wp\/v2\/pages"}],"about":[{"href":"https:\/\/sangye.org\/index.php?rest_route=\/wp\/v2\/types\/page"}],"author":[{"embeddable":true,"href":"https:\/\/sangye.org\/index.php?rest_route=\/wp\/v2\/users\/1"}],"replies":[{"embeddable":true,"href":"https:\/\/sangye.org\/index.php?rest_route=%2Fwp%2Fv2%2Fcomments&post=167"}],"version-history":[{"count":3,"href":"https:\/\/sangye.org\/index.php?rest_route=\/wp\/v2\/pages\/167\/revisions"}],"predecessor-version":[{"id":584,"href":"https:\/\/sangye.org\/index.php?rest_route=\/wp\/v2\/pages\/167\/revisions\/584"}],"wp:attachment":[{"href":"https:\/\/sangye.org\/index.php?rest_route=%2Fwp%2Fv2%2Fmedia&parent=167"}],"curies":[{"name":"wp","href":"https:\/\/api.w.org\/{rel}","templated":true}]}}