{"id":148,"date":"2023-02-22T13:00:44","date_gmt":"2023-02-22T12:00:44","guid":{"rendered":"https:\/\/teaching-no.sangye.org\/?page_id=148"},"modified":"2023-02-22T13:00:44","modified_gmt":"2023-02-22T12:00:44","slug":"jigme-lingpa-1730-1798","status":"publish","type":"page","link":"https:\/\/sangye.org\/?page_id=148","title":{"rendered":"Jigme Lingpa (1730-1798)"},"content":{"rendered":"\n<p>Selv om han skulle komme til \u00e5 bli ansett som en av de viktigste personene i nyingma-tradisjonen, vokste Jigme Lingpa opp i enkle k\u00e5r. Da han var seks \u00e5r ble han plassert i et kloster hvor han p\u00e5begynte grunnleggende munkeutdanning. Syv \u00e5r senere m\u00f8tte han sin l\u00e6rer, Rigdzin Thukchok Dorje, som gav han mange innvielser og instruksjoner.<\/p>\n\n\n\n<p>Jigme Lingpa var s\u00e6rlig moden i forhold til \u00e5ndelige opplevelser og hadde visjoner av Guru Rinpoche, Yeshe Tsogyal og andre opplyste vesener. Som f\u00f8lge av dette bestemte han seg for \u00e5 legge bort munkekappen for yogiens sjal og lange h\u00e5r.<\/p>\n\n\n\n<p>Mens han enda var en ung mann fullf\u00f8rte han to tre\u00e5rs retretter. I den f\u00f8rste oppdaget han longchen nyingthik-tekstene. Et viktig l\u00e6re- og praksissystem. I den andre retretten hadde han tre direkte syn av Longchen Rabjam.<\/p>\n\n\n\n<p>Senere begynte han \u00e5 undervise. Longchen nyingthik spredte seg gjennom Tibet og er den dag i dag en av de viktigste systemer for meditativ og \u00e5ndelig prakis i nyingma-tradisjonen.<\/p>\n\n\n\n<p>Den senere delen av sitt liv tilbrakte han p\u00e5 et lite meditasjonssenter som han opprettet i Syd-Tibet. Der levde han meget enkelt mens han mottok og gav undervisning til mange studenter.<\/p>\n\n\n\n<p>Han skrev en selvbiografi hvor vi kan f\u00e5 et glimt av hans varme og kj\u00e6rlige natur, klarsynt, fullstendig fryktl\u00f8s, fri for falskhet, og med en medf\u00f8lelse og klarhet av suveren oppn\u00e5else:<\/p>\n\n\n\n<p><em>Jeg oppfatter ting som en liten gutt og jeg finner glede i \u00e5 leke med barn. Men n\u00e5r jeg st\u00f8ter p\u00e5 mennesker med alvorlige karakterfeil n\u00f8ler jeg ikke med \u00e5 konfrontere dem med deres skavanker &#8211; selv om de er viktige religi\u00f8se ledere eller sjener\u00f8se sponsorer&#8230; .<\/em><\/p>\n\n\n\n<p><em>Hva jeg enn gj\u00f8r, om jeg sitter eller g\u00e5r, spiser eller sover, s\u00e5 er mitt sinn i en tilstand som er uatskilt fra klarheten i den endelige natur. Hva jeg enn gj\u00f8r for dharma, s\u00e5 lover jeg meg selv \u00e5 ferdigstille det, hvor umulig det enn kan virke.<\/em><\/p>\n","protected":false},"excerpt":{"rendered":"<p>Selv om han skulle komme til \u00e5 bli ansett som en av de viktigste personene i nyingma-tradisjonen, vokste Jigme Lingpa opp i enkle k\u00e5r. Da han var seks \u00e5r ble han plassert i et kloster hvor han p\u00e5begynte grunnleggende munkeutdanning. Syv \u00e5r senere m\u00f8tte han sin l\u00e6rer, Rigdzin Thukchok Dorje, som gav han mange innvielser [&hellip;]<\/p>\n","protected":false},"author":1,"featured_media":0,"parent":0,"menu_order":0,"comment_status":"closed","ping_status":"closed","template":"","meta":{"footnotes":""},"class_list":["post-148","page","type-page","status-publish","hentry"],"_links":{"self":[{"href":"https:\/\/sangye.org\/index.php?rest_route=\/wp\/v2\/pages\/148","targetHints":{"allow":["GET"]}}],"collection":[{"href":"https:\/\/sangye.org\/index.php?rest_route=\/wp\/v2\/pages"}],"about":[{"href":"https:\/\/sangye.org\/index.php?rest_route=\/wp\/v2\/types\/page"}],"author":[{"embeddable":true,"href":"https:\/\/sangye.org\/index.php?rest_route=\/wp\/v2\/users\/1"}],"replies":[{"embeddable":true,"href":"https:\/\/sangye.org\/index.php?rest_route=%2Fwp%2Fv2%2Fcomments&post=148"}],"version-history":[{"count":0,"href":"https:\/\/sangye.org\/index.php?rest_route=\/wp\/v2\/pages\/148\/revisions"}],"wp:attachment":[{"href":"https:\/\/sangye.org\/index.php?rest_route=%2Fwp%2Fv2%2Fmedia&parent=148"}],"curies":[{"name":"wp","href":"https:\/\/api.w.org\/{rel}","templated":true}]}}