{"id":110,"date":"2023-02-22T12:43:38","date_gmt":"2023-02-22T11:43:38","guid":{"rendered":"https:\/\/teaching-no.sangye.org\/?page_id=110"},"modified":"2023-03-12T15:51:12","modified_gmt":"2023-03-12T15:51:12","slug":"essensen-er-udelelig","status":"publish","type":"page","link":"https:\/\/sangye.org\/?page_id=110","title":{"rendered":"Essensen er udelelig"},"content":{"rendered":"\n<p>av <a href=\"https:\/\/sangye.org\/?page_id=107\" data-type=\"page\" data-id=\"107\">Nubchen Sangye Yeshe<\/a><\/p>\n\n\n\n<p>Atiyoga er den suverene vogn, tinden av alle yogaer og mor til alle buddhaer. Den kalles Dzogchen (store fullkommenhet) fordi den \u00e5penbarer i detalj betydningen av den spontane og naturlige perfeksjon til tall\u00f8se fenomener slik at den kan forst\u00e5s i sin nakenhet.<\/p>\n\n\n\n<p>Essensen av denne ypperlige skatten, alle veiers universelle forfader, er en spontan og naturlig tilstand som m\u00e5 oppfattes, eller gjenkjennes, direkte og uten innblanding av det konseptuelle sinn.<\/p>\n\n\n\n<p>Men hvordan f\u00e5r en tilgang til denne kunnskapen? P\u00e5 veien av suveren yoga finnes det ingen kunnskap basert p\u00e5 skrifter som skal analyseres med intellektet.<\/p>\n\n\n\n<p>Hvorfor det? Fra selve begynnelsen er alle eksistensens fenomener, uten at de forandrer farge eller utstr\u00e5ling, i en naturlig tilstand av opplysthet i dimensjonen av den ene sf\u00e6re av selvoppst\u00e5ende visdom.<\/p>\n\n\n\n<p>Hvem kunne identifisere noe konkret ved \u00e5 studere dette? Hvem kunne noen gang finne noen \u00e5rsaker? Hvilken filosofisk konklusjon kunne trekkes, og p\u00e5 basis av hvilke kognitive metoder? Sannheten er, at ved \u00e5 v\u00e6re udelelig, kan ikke essensen av alle ting oppfattes av sinnet.<\/p>\n","protected":false},"excerpt":{"rendered":"<p>av Nubchen Sangye Yeshe Atiyoga er den suverene vogn, tinden av alle yogaer og mor til alle buddhaer. Den kalles Dzogchen (store fullkommenhet) fordi den \u00e5penbarer i detalj betydningen av den spontane og naturlige perfeksjon til tall\u00f8se fenomener slik at den kan forst\u00e5s i sin nakenhet. Essensen av denne ypperlige skatten, alle veiers universelle forfader, [&hellip;]<\/p>\n","protected":false},"author":1,"featured_media":0,"parent":0,"menu_order":0,"comment_status":"closed","ping_status":"closed","template":"","meta":{"footnotes":""},"class_list":["post-110","page","type-page","status-publish","hentry"],"_links":{"self":[{"href":"https:\/\/sangye.org\/index.php?rest_route=\/wp\/v2\/pages\/110","targetHints":{"allow":["GET"]}}],"collection":[{"href":"https:\/\/sangye.org\/index.php?rest_route=\/wp\/v2\/pages"}],"about":[{"href":"https:\/\/sangye.org\/index.php?rest_route=\/wp\/v2\/types\/page"}],"author":[{"embeddable":true,"href":"https:\/\/sangye.org\/index.php?rest_route=\/wp\/v2\/users\/1"}],"replies":[{"embeddable":true,"href":"https:\/\/sangye.org\/index.php?rest_route=%2Fwp%2Fv2%2Fcomments&post=110"}],"version-history":[{"count":1,"href":"https:\/\/sangye.org\/index.php?rest_route=\/wp\/v2\/pages\/110\/revisions"}],"predecessor-version":[{"id":587,"href":"https:\/\/sangye.org\/index.php?rest_route=\/wp\/v2\/pages\/110\/revisions\/587"}],"wp:attachment":[{"href":"https:\/\/sangye.org\/index.php?rest_route=%2Fwp%2Fv2%2Fmedia&parent=110"}],"curies":[{"name":"wp","href":"https:\/\/api.w.org\/{rel}","templated":true}]}}