{"id":107,"date":"2023-02-22T12:42:30","date_gmt":"2023-02-22T11:42:30","guid":{"rendered":"https:\/\/teaching-no.sangye.org\/?page_id=107"},"modified":"2023-02-22T12:42:30","modified_gmt":"2023-02-22T11:42:30","slug":"nubchen-sangye-yeshe-832-943","status":"publish","type":"page","link":"https:\/\/sangye.org\/?page_id=107","title":{"rendered":"Nubchen Sangye Yeshe (832-943)"},"content":{"rendered":"\n<p>Sangye Yeshe ble f\u00f8dt i Sentral-Tibet i februar i 832. Da han var syv ble han elev av Odren Pelgi Zh\u00f6nu og studerte alle vitenskaper med han. I sin ungdom mottok han innvielser fra den store mester Guru Rinpoche, og senere ogs\u00e5 mange tantraer og isoteriske instruksjoner.<\/p>\n\n\n\n<p>Sangye Yeshe studerte ogs\u00e5 med l\u00e6rde og oversettere i India og Nepal som Sri Simha, Vimalamitra og Kamalasila med flere. Under disse guruene mestret han alle sutraer s\u00e5 vel som ytre og indre tantraer. Etter ni m\u00e5neder i retrett oppn\u00e5dde han realisering og hadde visjoner av Yamantaka.<\/p>\n\n\n\n<p>Han opprettet et meditasjonssenter i Yangdzong i Dra, Sentral-Tibet, og planla \u00e5 bli der i ensomhet med sine disipler. Med de m\u00f8tte store vanskeligheter fordi Tibets dynasti kollapset som f\u00f8lge av Langdarmas styre som hadde som m\u00e5l \u00e5 utplanere buddhismen. For \u00e5 beskytte l\u00e6ren hentet Sangye Yeshe vredfulle mantraer fra India. Da den onde kongen ble &#8220;satt fri&#8221; av Lhalung Pelgi Dorje, gjemte Nup de vredfulle mantraene s\u00e5 de ikke skulle bli misbrukt.<\/p>\n\n\n\n<p>Nupchen Sangye Yeshe komponerte mange kommentarer og avhandlinger. Han hadde mange disipler, hvorav fem var spesielle.<\/p>\n\n\n\n<p>Nup forlot livet da han var 111 \u00e5r i Khy\u00f6nmi-omr\u00e5det. Han gikk inn i nirvana i et str\u00e5lende lys, spontant oppn\u00e5dd av veien av Dzogchen.<\/p>\n","protected":false},"excerpt":{"rendered":"<p>Sangye Yeshe ble f\u00f8dt i Sentral-Tibet i februar i 832. Da han var syv ble han elev av Odren Pelgi Zh\u00f6nu og studerte alle vitenskaper med han. I sin ungdom mottok han innvielser fra den store mester Guru Rinpoche, og senere ogs\u00e5 mange tantraer og isoteriske instruksjoner. Sangye Yeshe studerte ogs\u00e5 med l\u00e6rde og oversettere [&hellip;]<\/p>\n","protected":false},"author":1,"featured_media":0,"parent":0,"menu_order":0,"comment_status":"closed","ping_status":"closed","template":"","meta":{"footnotes":""},"class_list":["post-107","page","type-page","status-publish","hentry"],"_links":{"self":[{"href":"https:\/\/sangye.org\/index.php?rest_route=\/wp\/v2\/pages\/107","targetHints":{"allow":["GET"]}}],"collection":[{"href":"https:\/\/sangye.org\/index.php?rest_route=\/wp\/v2\/pages"}],"about":[{"href":"https:\/\/sangye.org\/index.php?rest_route=\/wp\/v2\/types\/page"}],"author":[{"embeddable":true,"href":"https:\/\/sangye.org\/index.php?rest_route=\/wp\/v2\/users\/1"}],"replies":[{"embeddable":true,"href":"https:\/\/sangye.org\/index.php?rest_route=%2Fwp%2Fv2%2Fcomments&post=107"}],"version-history":[{"count":0,"href":"https:\/\/sangye.org\/index.php?rest_route=\/wp\/v2\/pages\/107\/revisions"}],"wp:attachment":[{"href":"https:\/\/sangye.org\/index.php?rest_route=%2Fwp%2Fv2%2Fmedia&parent=107"}],"curies":[{"name":"wp","href":"https:\/\/api.w.org\/{rel}","templated":true}]}}