{"id":100,"date":"2023-02-22T12:39:33","date_gmt":"2023-02-22T11:39:33","guid":{"rendered":"https:\/\/teaching-no.sangye.org\/?page_id=100"},"modified":"2023-02-22T12:39:33","modified_gmt":"2023-02-22T11:39:33","slug":"chogyam-trungpachogyam-trungpa-rinpoche-1939-1987","status":"publish","type":"page","link":"https:\/\/sangye.org\/?page_id=100","title":{"rendered":"Ch\u00f6gyam Trungpa Rinpoche (1939-1987)"},"content":{"rendered":"\n<p>Ch\u00f6gyam Trungpa Rinpoche var den ellevte i linjen av trungpaer, viktige l\u00e6rere i kagy\u00fc-tradisjonen, en av de fire skolene i tibetansk buddhisme. Han var ogs\u00e5 trent i nyingma-tradisjonen, og s\u00f8kte gjennom hele sitt liv \u00e5 samle og gj\u00f8re tilgjengelig all verdifull l\u00e6re fra forskjellige tradisjoner, fritt for sekterisk rivalisering.<\/p>\n\n\n\n<p>Han ble tvunget til \u00e5 flykte fra Tibet i 1959 og flyttet i 1963 til England hvor han studerte religion, filosofi og kunst ved universitetet i Oxford. I 1967 flyttet han til Skottland hvor han etablerte Samye Ling, det f\u00f8rste tibetanske meditasjonssenteret i vesten.<\/p>\n\n\n\n<p>Etter forskjellige opplevelser, inkludert en bilulykke som gjorde han paralysert p\u00e5 venstre side, bestemte han seg for \u00e5 si fra seg sine munkel\u00f8fter \u00e5 arbeide som legl\u00e6rer. Han giftet seg med Diana Pybus og flyttet til Amerika.<\/p>\n\n\n\n<p>I 1969 publiserte han Meditasjon i handling, den f\u00f8rste av i alt fjorten b\u00f8ker som han utgav. Den gamle l\u00e6ren sammen med hans praktiske instruksjoner fikk en ivrig tilh\u00f8rerskare. Gjennom 1970-\u00e5rene reiste han n\u00e6rmest uavbrutt gjennom Nord-Amerika. Han ble kjent for sin enest\u00e5ende evne til \u00e5 presentere buddhismens dypeste l\u00e6re p\u00e5 en m\u00e5te som kunne forst\u00e5s av vestlige. I denne perioden etablerte han Vajradhatu, en paraplyorganisasjon for de mange senterne som dukket opp rundt om kring i verden som \u00f8nsket hans veiledning.<\/p>\n\n\n\n<p>Han etablerte ogs\u00e5 Nalandastiftelsen for \u00e5 koordinere undervisning innenfor omr\u00e5der som japansk bueskyting, kalligrafi, blomsterarrangement, tesermonier, helsehjelp, dans, teater og terapi. Dette gjorde det mulig for studenter \u00e5 engasjere seg i kontemplative aktiviteter og integrere disse med meditasjon.<\/p>\n\n\n\n<p>I 1986, etter et \u00f8nske om \u00e5 flytte senteret for sin organisasjon til en mindre aggressiv og materialistisk atmosf\u00e6re, flyttet Ch\u00f6gyam Trungpa til Nova Scotia. Ikke lenger etter, i april 1987, forlot han dette liv. Dette ble markert med en seremoni som samlet mer enn 3000 mennesker. Etter hans d\u00f8d vendte organisasjonen seg til hans mest ansette og eneste levende l\u00e6rer, Dilgo Khyentse Rinpoche, som den gang var overhode for nyingma-tradisjonen.<\/p>\n","protected":false},"excerpt":{"rendered":"<p>Ch\u00f6gyam Trungpa Rinpoche var den ellevte i linjen av trungpaer, viktige l\u00e6rere i kagy\u00fc-tradisjonen, en av de fire skolene i tibetansk buddhisme. Han var ogs\u00e5 trent i nyingma-tradisjonen, og s\u00f8kte gjennom hele sitt liv \u00e5 samle og gj\u00f8re tilgjengelig all verdifull l\u00e6re fra forskjellige tradisjoner, fritt for sekterisk rivalisering. Han ble tvunget til \u00e5 flykte [&hellip;]<\/p>\n","protected":false},"author":1,"featured_media":0,"parent":0,"menu_order":0,"comment_status":"closed","ping_status":"closed","template":"","meta":{"footnotes":""},"class_list":["post-100","page","type-page","status-publish","hentry"],"_links":{"self":[{"href":"https:\/\/sangye.org\/index.php?rest_route=\/wp\/v2\/pages\/100","targetHints":{"allow":["GET"]}}],"collection":[{"href":"https:\/\/sangye.org\/index.php?rest_route=\/wp\/v2\/pages"}],"about":[{"href":"https:\/\/sangye.org\/index.php?rest_route=\/wp\/v2\/types\/page"}],"author":[{"embeddable":true,"href":"https:\/\/sangye.org\/index.php?rest_route=\/wp\/v2\/users\/1"}],"replies":[{"embeddable":true,"href":"https:\/\/sangye.org\/index.php?rest_route=%2Fwp%2Fv2%2Fcomments&post=100"}],"version-history":[{"count":0,"href":"https:\/\/sangye.org\/index.php?rest_route=\/wp\/v2\/pages\/100\/revisions"}],"wp:attachment":[{"href":"https:\/\/sangye.org\/index.php?rest_route=%2Fwp%2Fv2%2Fmedia&parent=100"}],"curies":[{"name":"wp","href":"https:\/\/api.w.org\/{rel}","templated":true}]}}